{"id":62,"date":"2024-04-11T15:58:48","date_gmt":"2024-04-11T15:58:48","guid":{"rendered":"https:\/\/www.lesprojetsdumercredi.be\/bim\/?page_id=62"},"modified":"2024-05-18T11:59:05","modified_gmt":"2024-05-18T11:59:05","slug":"le-projet","status":"publish","type":"page","link":"https:\/\/www.lesprojetsdumercredi.be\/bim\/le-projet\/","title":{"rendered":"Le projet"},"content":{"rendered":"\n<p>Depuis le mois de novembre, nous nous investissons dans un projet incroyable. <\/p>\n\n\n\n<p><strong>Trois, deux, un&#8230; Bricks in motion !<\/strong><\/p>\n\n\n\n<p>C\u2019est un projet multim\u00e9dia qui nous permettra de devenir \u00ab cr\u00e9-acteurs \u00bb et de partager notre passion pour la lecture et l\u2019audiovisuel. <\/p>\n\n\n\n<p><strong>En quelques mots, voici le point de d\u00e9part du projet BIM<\/strong><\/p>\n\n\n\n<p>Notre objectif est la r\u00e9alisation d&rsquo;un film d&rsquo;animation (en partie en stop motion) bas\u00e9 sur le th\u00e8me \u201cDe l&rsquo;autre c\u00f4t\u00e9\u00a0\u00bb. C&rsquo;est en quelque sorte un voyage initiatique qui permet \u00e0 chacun de trouver sa route, sa voie et de d\u00e9velopper son talent ! Lecture, partage, \u00e9criture, r\u00e9alisation, promotion, diffusion d\u2019un court m\u00e9trage d\u2019animation, vente et distribution d\u2019un \u201clivre maison\u201d. <\/p>\n\n\n\n<p>Une pr\u00e9sentation au grand public aura lieu en avril lors de l\u2019\u00e9v\u00e9nement \u201cC\u2019est \u00e9crit pr\u00e8s de chez vous\u201d. <\/p>\n\n\n\n<p>Une avant-premi\u00e8re sera propos\u00e9e en fin d&rsquo;ann\u00e9e aux sponsors, aux lecteurs et \u00e0 ceux qui soutiennent notre projet.<\/p>\n\n\n\n<p>Toutes ces \u00e9tapes enrichissantes jalonneront notre parcours.<\/p>\n\n\n\n<p><\/p>\n\n\n\n<p><strong>Diff\u00e9rents groupes de travail<\/strong><\/p>\n\n\n\n<p>Pour r\u00e9aliser ce projet, nous avons \u00e9t\u00e9 r\u00e9partis en plusieurs groupes :<\/p>\n\n\n\n<ul class=\"wp-block-list\">\n<li>Sc\u00e9nario \/ \u00e9criture<\/li>\n<\/ul>\n\n\n\n<figure class=\"wp-block-image size-large is-resized\"><img decoding=\"async\" src=\"https:\/\/www.lesprojetsdumercredi.be\/bim\/wp-content\/uploads\/2024\/05\/A4I7HpaB.jpg\" alt=\"\" style=\"width:401px;height:auto\"\/><\/figure>\n\n\n\n<p><\/p>\n\n\n\n<ul class=\"wp-block-list\">\n<li>Communication \/ financement du projet<\/li>\n<\/ul>\n\n\n\n<figure class=\"wp-block-image size-large is-resized\"><img loading=\"lazy\" decoding=\"async\" width=\"1024\" height=\"768\" src=\"https:\/\/www.lesprojetsdumercredi.be\/bim\/wp-content\/uploads\/2024\/05\/nBUFo6vG-1024x768.jpg\" alt=\"\" class=\"wp-image-258\" style=\"width:403px;height:auto\" srcset=\"https:\/\/www.lesprojetsdumercredi.be\/bim\/wp-content\/uploads\/2024\/05\/nBUFo6vG-1024x768.jpg 1024w, https:\/\/www.lesprojetsdumercredi.be\/bim\/wp-content\/uploads\/2024\/05\/nBUFo6vG-300x225.jpg 300w, https:\/\/www.lesprojetsdumercredi.be\/bim\/wp-content\/uploads\/2024\/05\/nBUFo6vG-768x576.jpg 768w, https:\/\/www.lesprojetsdumercredi.be\/bim\/wp-content\/uploads\/2024\/05\/nBUFo6vG-1536x1152.jpg 1536w, https:\/\/www.lesprojetsdumercredi.be\/bim\/wp-content\/uploads\/2024\/05\/nBUFo6vG.jpg 2048w\" sizes=\"auto, (max-width: 1024px) 100vw, 1024px\" \/><\/figure>\n\n\n\n<p><\/p>\n\n\n\n<ul class=\"wp-block-list\">\n<li>Construction de la maquette de l&rsquo;\u00e9cole<\/li>\n<\/ul>\n\n\n\n<figure class=\"wp-block-image size-large is-resized\"><img decoding=\"async\" src=\"https:\/\/www.lesprojetsdumercredi.be\/bim\/wp-content\/uploads\/2024\/05\/tRW-Cufq.jpg\" alt=\"\" style=\"width:405px;height:auto\"\/><\/figure>\n\n\n\n<p><\/p>\n\n\n\n<ul class=\"wp-block-list\">\n<li>Technique \/ tournage<\/li>\n<\/ul>\n\n\n\n<figure class=\"wp-block-image size-large is-resized\"><img loading=\"lazy\" decoding=\"async\" width=\"1024\" height=\"768\" src=\"https:\/\/www.lesprojetsdumercredi.be\/bim\/wp-content\/uploads\/2024\/05\/zpfrxDEJ-1024x768.jpg\" alt=\"\" class=\"wp-image-259\" style=\"width:405px;height:auto\" srcset=\"https:\/\/www.lesprojetsdumercredi.be\/bim\/wp-content\/uploads\/2024\/05\/zpfrxDEJ-1024x768.jpg 1024w, https:\/\/www.lesprojetsdumercredi.be\/bim\/wp-content\/uploads\/2024\/05\/zpfrxDEJ-300x225.jpg 300w, https:\/\/www.lesprojetsdumercredi.be\/bim\/wp-content\/uploads\/2024\/05\/zpfrxDEJ-768x576.jpg 768w, https:\/\/www.lesprojetsdumercredi.be\/bim\/wp-content\/uploads\/2024\/05\/zpfrxDEJ-1536x1152.jpg 1536w, https:\/\/www.lesprojetsdumercredi.be\/bim\/wp-content\/uploads\/2024\/05\/zpfrxDEJ.jpg 2040w\" sizes=\"auto, (max-width: 1024px) 100vw, 1024px\" \/><\/figure>\n\n\n\n<p><\/p>\n\n\n\n<p>Nous ne sommes pas rest\u00e9s cloisonn\u00e9s dans un unique groupe. Nous avons pu passer de l&rsquo;un \u00e0 l&rsquo;autre. Par exemple, une fois l&rsquo;\u00e9criture du sc\u00e9nario termin\u00e9e, des \u00e9l\u00e8ves ont int\u00e9gr\u00e9 l&rsquo;\u00e9quipe technique. Nous avions aussi besoin de stylistes afin de prendre en charge la tenue des acteurs qui devait \u00eatre la m\u00eame que celle des personnages dans le monde de briques. <\/p>\n\n\n\n<p><\/p>\n\n\n\n<p><strong>Quelques photos des s\u00e9ances de travail<\/strong><\/p>\n\n\n\n<figure class=\"wp-block-image size-large is-resized\"><img loading=\"lazy\" decoding=\"async\" width=\"768\" height=\"1024\" src=\"https:\/\/www.lesprojetsdumercredi.be\/bim\/wp-content\/uploads\/2024\/05\/fSflljK8-768x1024.jpg\" alt=\"\" class=\"wp-image-260\" style=\"width:368px;height:auto\" srcset=\"https:\/\/www.lesprojetsdumercredi.be\/bim\/wp-content\/uploads\/2024\/05\/fSflljK8-768x1024.jpg 768w, https:\/\/www.lesprojetsdumercredi.be\/bim\/wp-content\/uploads\/2024\/05\/fSflljK8-225x300.jpg 225w, https:\/\/www.lesprojetsdumercredi.be\/bim\/wp-content\/uploads\/2024\/05\/fSflljK8-1152x1536.jpg 1152w, https:\/\/www.lesprojetsdumercredi.be\/bim\/wp-content\/uploads\/2024\/05\/fSflljK8.jpg 1170w\" sizes=\"auto, (max-width: 768px) 100vw, 768px\" \/><\/figure>\n\n\n\n<p><\/p>\n\n\n\n<figure class=\"wp-block-image size-large is-resized\"><img loading=\"lazy\" decoding=\"async\" width=\"768\" height=\"1024\" src=\"https:\/\/www.lesprojetsdumercredi.be\/bim\/wp-content\/uploads\/2024\/05\/SpgflgZa-768x1024.jpg\" alt=\"\" class=\"wp-image-261\" style=\"width:369px;height:auto\" srcset=\"https:\/\/www.lesprojetsdumercredi.be\/bim\/wp-content\/uploads\/2024\/05\/SpgflgZa-768x1024.jpg 768w, https:\/\/www.lesprojetsdumercredi.be\/bim\/wp-content\/uploads\/2024\/05\/SpgflgZa-225x300.jpg 225w, https:\/\/www.lesprojetsdumercredi.be\/bim\/wp-content\/uploads\/2024\/05\/SpgflgZa-1152x1536.jpg 1152w, https:\/\/www.lesprojetsdumercredi.be\/bim\/wp-content\/uploads\/2024\/05\/SpgflgZa.jpg 1170w\" sizes=\"auto, (max-width: 768px) 100vw, 768px\" \/><\/figure>\n\n\n\n<p><\/p>\n\n\n\n<figure class=\"wp-block-image size-large is-resized\"><img loading=\"lazy\" decoding=\"async\" width=\"1024\" height=\"768\" src=\"https:\/\/www.lesprojetsdumercredi.be\/bim\/wp-content\/uploads\/2024\/05\/yT6Sn9mr-1024x768.jpg\" alt=\"\" class=\"wp-image-262\" style=\"width:506px;height:auto\" srcset=\"https:\/\/www.lesprojetsdumercredi.be\/bim\/wp-content\/uploads\/2024\/05\/yT6Sn9mr-1024x768.jpg 1024w, https:\/\/www.lesprojetsdumercredi.be\/bim\/wp-content\/uploads\/2024\/05\/yT6Sn9mr-300x225.jpg 300w, https:\/\/www.lesprojetsdumercredi.be\/bim\/wp-content\/uploads\/2024\/05\/yT6Sn9mr-768x576.jpg 768w, https:\/\/www.lesprojetsdumercredi.be\/bim\/wp-content\/uploads\/2024\/05\/yT6Sn9mr-1536x1152.jpg 1536w, https:\/\/www.lesprojetsdumercredi.be\/bim\/wp-content\/uploads\/2024\/05\/yT6Sn9mr.jpg 2048w\" sizes=\"auto, (max-width: 1024px) 100vw, 1024px\" \/><\/figure>\n\n\n\n<p><\/p>\n\n\n\n<figure class=\"wp-block-image size-large is-resized\"><img loading=\"lazy\" decoding=\"async\" width=\"1024\" height=\"768\" src=\"https:\/\/www.lesprojetsdumercredi.be\/bim\/wp-content\/uploads\/2024\/05\/uoTDoASl-1024x768.jpg\" alt=\"\" class=\"wp-image-263\" style=\"width:507px;height:auto\" srcset=\"https:\/\/www.lesprojetsdumercredi.be\/bim\/wp-content\/uploads\/2024\/05\/uoTDoASl-1024x768.jpg 1024w, https:\/\/www.lesprojetsdumercredi.be\/bim\/wp-content\/uploads\/2024\/05\/uoTDoASl-300x225.jpg 300w, https:\/\/www.lesprojetsdumercredi.be\/bim\/wp-content\/uploads\/2024\/05\/uoTDoASl-768x576.jpg 768w, https:\/\/www.lesprojetsdumercredi.be\/bim\/wp-content\/uploads\/2024\/05\/uoTDoASl-1536x1152.jpg 1536w, https:\/\/www.lesprojetsdumercredi.be\/bim\/wp-content\/uploads\/2024\/05\/uoTDoASl.jpg 2048w\" sizes=\"auto, (max-width: 1024px) 100vw, 1024px\" \/><\/figure>\n\n\n\n<p><\/p>\n\n\n\n<figure class=\"wp-block-image size-large is-resized\"><img loading=\"lazy\" decoding=\"async\" width=\"1024\" height=\"768\" src=\"https:\/\/www.lesprojetsdumercredi.be\/bim\/wp-content\/uploads\/2024\/05\/YLNpi1ct-1024x768.jpg\" alt=\"\" class=\"wp-image-269\" style=\"width:508px;height:auto\" srcset=\"https:\/\/www.lesprojetsdumercredi.be\/bim\/wp-content\/uploads\/2024\/05\/YLNpi1ct-1024x768.jpg 1024w, https:\/\/www.lesprojetsdumercredi.be\/bim\/wp-content\/uploads\/2024\/05\/YLNpi1ct-300x225.jpg 300w, https:\/\/www.lesprojetsdumercredi.be\/bim\/wp-content\/uploads\/2024\/05\/YLNpi1ct-768x576.jpg 768w, https:\/\/www.lesprojetsdumercredi.be\/bim\/wp-content\/uploads\/2024\/05\/YLNpi1ct-1536x1152.jpg 1536w, https:\/\/www.lesprojetsdumercredi.be\/bim\/wp-content\/uploads\/2024\/05\/YLNpi1ct.jpg 2048w\" sizes=\"auto, (max-width: 1024px) 100vw, 1024px\" \/><\/figure>\n","protected":false},"excerpt":{"rendered":"<p>Depuis le mois de novembre, nous nous investissons dans un projet incroyable. Trois, deux, un&#8230; Bricks in motion ! C\u2019est un projet multim\u00e9dia qui nous permettra de devenir \u00ab cr\u00e9-acteurs \u00bb et de partager&#46;&#46;&#46;<\/p>\n","protected":false},"author":1,"featured_media":0,"parent":0,"menu_order":0,"comment_status":"closed","ping_status":"closed","template":"","meta":{"footnotes":""},"class_list":["post-62","page","type-page","status-publish","hentry"],"_links":{"self":[{"href":"https:\/\/www.lesprojetsdumercredi.be\/bim\/wp-json\/wp\/v2\/pages\/62","targetHints":{"allow":["GET"]}}],"collection":[{"href":"https:\/\/www.lesprojetsdumercredi.be\/bim\/wp-json\/wp\/v2\/pages"}],"about":[{"href":"https:\/\/www.lesprojetsdumercredi.be\/bim\/wp-json\/wp\/v2\/types\/page"}],"author":[{"embeddable":true,"href":"https:\/\/www.lesprojetsdumercredi.be\/bim\/wp-json\/wp\/v2\/users\/1"}],"replies":[{"embeddable":true,"href":"https:\/\/www.lesprojetsdumercredi.be\/bim\/wp-json\/wp\/v2\/comments?post=62"}],"version-history":[{"count":9,"href":"https:\/\/www.lesprojetsdumercredi.be\/bim\/wp-json\/wp\/v2\/pages\/62\/revisions"}],"predecessor-version":[{"id":272,"href":"https:\/\/www.lesprojetsdumercredi.be\/bim\/wp-json\/wp\/v2\/pages\/62\/revisions\/272"}],"wp:attachment":[{"href":"https:\/\/www.lesprojetsdumercredi.be\/bim\/wp-json\/wp\/v2\/media?parent=62"}],"curies":[{"name":"wp","href":"https:\/\/api.w.org\/{rel}","templated":true}]}}