{"id":60,"date":"2024-04-11T15:58:15","date_gmt":"2024-04-11T15:58:15","guid":{"rendered":"https:\/\/www.lesprojetsdumercredi.be\/bim\/?page_id=60"},"modified":"2024-05-18T11:33:27","modified_gmt":"2024-05-18T11:33:27","slug":"qui-sommes-nous","status":"publish","type":"page","link":"https:\/\/www.lesprojetsdumercredi.be\/bim\/qui-sommes-nous\/","title":{"rendered":"Qui sommes-nous ?"},"content":{"rendered":"\n<p>Notre groupe est compos\u00e9 de 21 \u00e9l\u00e8ves de deuxi\u00e8me secondaire et et de 4 enseignants de mati\u00e8res diverses : technologie, math, fran\u00e7ais et \u00e9ducation physique. Nous sommes ponctuellement aid\u00e9s par deux autres professeures, une de fran\u00e7ais et une de sciences.<\/p>\n\n\n\n<p>Nous travaillons tous les mercredis apr\u00e8s-midi sur un projet nomm\u00e9 BIM.  Ce sont les initiales de BRICKS IN MOTION. Pour plus d&rsquo;informations, rendez-vous sur l&rsquo;onglet \u00ab\u00a0Le projet\u00a0\u00bb.<\/p>\n\n\n\n<figure class=\"wp-block-image size-large\"><img loading=\"lazy\" decoding=\"async\" width=\"1024\" height=\"768\" src=\"https:\/\/www.lesprojetsdumercredi.be\/bim\/wp-content\/uploads\/2024\/05\/bim_photo-1-1024x768.jpg\" alt=\"\" class=\"wp-image-239\" srcset=\"https:\/\/www.lesprojetsdumercredi.be\/bim\/wp-content\/uploads\/2024\/05\/bim_photo-1-1024x768.jpg 1024w, https:\/\/www.lesprojetsdumercredi.be\/bim\/wp-content\/uploads\/2024\/05\/bim_photo-1-300x225.jpg 300w, https:\/\/www.lesprojetsdumercredi.be\/bim\/wp-content\/uploads\/2024\/05\/bim_photo-1-768x576.jpg 768w, https:\/\/www.lesprojetsdumercredi.be\/bim\/wp-content\/uploads\/2024\/05\/bim_photo-1-1536x1152.jpg 1536w, https:\/\/www.lesprojetsdumercredi.be\/bim\/wp-content\/uploads\/2024\/05\/bim_photo-1.jpg 2048w\" sizes=\"auto, (max-width: 1024px) 100vw, 1024px\" \/><\/figure>\n\n\n\n<p>Nous voici (dans le d\u00e9sordre) ! <\/p>\n\n\n\n<p>Antoine, Charles, Charlotte, Claire, \u00c9l\u00e9onore, \u00c9lise, Emma, Eve, Hugo, Laura, L\u00e9ona, Lou, Marguerite, Mathys, Maude, Maxime, Nathan, Noah, Pauline, Tom et Zo\u00e9.<\/p>\n\n\n<div class=\"wp-block-image\">\n<figure class=\"aligncenter size-large is-resized\"><img decoding=\"async\" src=\"https:\/\/www.lesprojetsdumercredi.be\/bim\/wp-content\/uploads\/2024\/05\/Capture-decran-2024-05-18-a-13.22.59.png\" alt=\"\" style=\"width:313px;height:auto\"\/><\/figure>\n<\/div>\n\n\n<p class=\"has-text-align-center\">Voici nos professeurs :  Monsieur Bolmain, Mesdames Brasseur, Marchal, Renkin, Van Bever et Bogaert.<\/p>\n\n\n<div class=\"wp-block-image\">\n<figure class=\"aligncenter size-full is-resized\"><img loading=\"lazy\" decoding=\"async\" width=\"628\" height=\"312\" src=\"https:\/\/www.lesprojetsdumercredi.be\/bim\/wp-content\/uploads\/2024\/05\/image-1.png\" alt=\"\" class=\"wp-image-248\" style=\"width:304px;height:auto\" srcset=\"https:\/\/www.lesprojetsdumercredi.be\/bim\/wp-content\/uploads\/2024\/05\/image-1.png 628w, https:\/\/www.lesprojetsdumercredi.be\/bim\/wp-content\/uploads\/2024\/05\/image-1-300x149.png 300w\" sizes=\"auto, (max-width: 628px) 100vw, 628px\" \/><\/figure>\n<\/div>","protected":false},"excerpt":{"rendered":"<p>Notre groupe est compos\u00e9 de 21 \u00e9l\u00e8ves de deuxi\u00e8me secondaire et et de 4 enseignants de mati\u00e8res diverses : technologie, math, fran\u00e7ais et \u00e9ducation physique. Nous sommes ponctuellement aid\u00e9s par deux autres professeures, une&#46;&#46;&#46;<\/p>\n","protected":false},"author":1,"featured_media":0,"parent":0,"menu_order":0,"comment_status":"closed","ping_status":"closed","template":"","meta":{"footnotes":""},"class_list":["post-60","page","type-page","status-publish","hentry"],"_links":{"self":[{"href":"https:\/\/www.lesprojetsdumercredi.be\/bim\/wp-json\/wp\/v2\/pages\/60","targetHints":{"allow":["GET"]}}],"collection":[{"href":"https:\/\/www.lesprojetsdumercredi.be\/bim\/wp-json\/wp\/v2\/pages"}],"about":[{"href":"https:\/\/www.lesprojetsdumercredi.be\/bim\/wp-json\/wp\/v2\/types\/page"}],"author":[{"embeddable":true,"href":"https:\/\/www.lesprojetsdumercredi.be\/bim\/wp-json\/wp\/v2\/users\/1"}],"replies":[{"embeddable":true,"href":"https:\/\/www.lesprojetsdumercredi.be\/bim\/wp-json\/wp\/v2\/comments?post=60"}],"version-history":[{"count":9,"href":"https:\/\/www.lesprojetsdumercredi.be\/bim\/wp-json\/wp\/v2\/pages\/60\/revisions"}],"predecessor-version":[{"id":250,"href":"https:\/\/www.lesprojetsdumercredi.be\/bim\/wp-json\/wp\/v2\/pages\/60\/revisions\/250"}],"wp:attachment":[{"href":"https:\/\/www.lesprojetsdumercredi.be\/bim\/wp-json\/wp\/v2\/media?parent=60"}],"curies":[{"name":"wp","href":"https:\/\/api.w.org\/{rel}","templated":true}]}}